{"id":85,"date":"2020-04-19T07:00:28","date_gmt":"2020-04-19T07:00:28","guid":{"rendered":"https:\/\/jupiterx.artbees.net\/auto-detailing\/?page_id=85"},"modified":"2025-10-02T14:40:47","modified_gmt":"2025-10-02T12:40:47","slug":"kapcsolat","status":"publish","type":"page","link":"https:\/\/opcar.hu\/en\/kapcsolat\/","title":{"rendered":"Contact"},"content":{"rendered":"\t\t<div data-elementor-type=\"wp-page\" data-elementor-id=\"85\" class=\"elementor elementor-85\">\n\t\t\t\t\t\t<section class=\"elementor-section elementor-top-section elementor-element elementor-element-05d3920 elementor-section-boxed elementor-section-height-default elementor-section-height-default\" data-id=\"05d3920\" data-element_type=\"section\" data-e-type=\"section\" data-settings=\"{&quot;jet_parallax_layout_list&quot;:[{&quot;jet_parallax_layout_image&quot;:{&quot;url&quot;:&quot;&quot;,&quot;id&quot;:&quot;&quot;,&quot;size&quot;:&quot;&quot;},&quot;_id&quot;:&quot;f2b1225&quot;,&quot;jet_parallax_layout_image_tablet&quot;:{&quot;url&quot;:&quot;&quot;,&quot;id&quot;:&quot;&quot;,&quot;size&quot;:&quot;&quot;},&quot;jet_parallax_layout_image_mobile&quot;:{&quot;url&quot;:&quot;&quot;,&quot;id&quot;:&quot;&quot;,&quot;size&quot;:&quot;&quot;},&quot;jet_parallax_layout_speed&quot;:{&quot;unit&quot;:&quot;%&quot;,&quot;size&quot;:&quot;50&quot;,&quot;sizes&quot;:[]},&quot;jet_parallax_layout_bg_x&quot;:&quot;50&quot;,&quot;jet_parallax_layout_bg_y&quot;:&quot;50&quot;,&quot;jet_parallax_layout_type&quot;:&quot;scroll&quot;,&quot;jet_parallax_layout_direction&quot;:&quot;1&quot;,&quot;jet_parallax_layout_fx_direction&quot;:null,&quot;jet_parallax_layout_z_index&quot;:&quot;&quot;,&quot;jet_parallax_layout_bg_x_tablet&quot;:&quot;&quot;,&quot;jet_parallax_layout_bg_x_mobile&quot;:&quot;&quot;,&quot;jet_parallax_layout_bg_y_tablet&quot;:&quot;&quot;,&quot;jet_parallax_layout_bg_y_mobile&quot;:&quot;&quot;,&quot;jet_parallax_layout_bg_size&quot;:&quot;auto&quot;,&quot;jet_parallax_layout_bg_size_tablet&quot;:&quot;&quot;,&quot;jet_parallax_layout_bg_size_mobile&quot;:&quot;&quot;,&quot;jet_parallax_layout_animation_prop&quot;:&quot;transform&quot;,&quot;jet_parallax_layout_on&quot;:[&quot;desktop&quot;,&quot;tablet&quot;]}],&quot;background_background&quot;:&quot;classic&quot;}\">\n\t\t\t\t\t\t\t<div class=\"elementor-background-overlay\"><\/div>\n\t\t\t\t\t\t\t<div class=\"elementor-container elementor-column-gap-no\">\n\t\t\t\t\t<div class=\"elementor-column elementor-col-100 elementor-top-column elementor-element elementor-element-88452c4\" data-id=\"88452c4\" data-element_type=\"column\" data-e-type=\"column\">\n\t\t\t<div class=\"elementor-widget-wrap elementor-element-populated\">\n\t\t\t\t\t\t<div class=\"elementor-element elementor-element-f7cf404 elementor-hidden-mobile elementor-widget elementor-widget-jet-animated-text\" data-id=\"f7cf404\" data-element_type=\"widget\" data-e-type=\"widget\" data-widget_type=\"jet-animated-text.default\">\n\t\t\t\t<div class=\"elementor-widget-container\">\n\t\t\t\t\t<div class=\"elementor-jet-animated-text jet-elements\">\n<h1 class=\"jet-animated-text jet-animated-text--effect-fx2\" data-settings='{&quot;effect&quot;:&quot;fx2&quot;,&quot;delay&quot;:5000}'>\n\t<div class=\"jet-animated-text__before-text\">\n\t<span>Megtal\u00e1ljuk<\/span>&nbsp;<span>\u00d6nnek<\/span>&nbsp;<span>a<\/span>&nbsp;<span>t\u00f6k\u00e9letes<\/span>&nbsp;<span>aut\u00f3t!<\/span>&nbsp;<span><\/span>&nbsp;<\/div>\n\t<div class=\"jet-animated-text__animated-text\">\n<div class=\"jet-animated-text__animated-text-item active visible\" dir=\"ltr\">\n\t<span>&nbsp;<\/span><span>H<\/span><span>\u00ed<\/span><span>v<\/span><span>j<\/span><span>o<\/span><span>n<\/span><span>&nbsp;<\/span><span>m<\/span><span>i<\/span><span>n<\/span><span>k<\/span><span>e<\/span><span>t<\/span><span>!<\/span><span>&nbsp;<\/span>&nbsp;<\/div>\n<\/div>\t<div class=\"jet-animated-text__after-text\">\n\t<span>+36<\/span>&nbsp;<span>70<\/span>&nbsp;<span>886<\/span>&nbsp;<span>68<\/span>&nbsp;<span>77<\/span><\/div><\/h1><\/div>\t\t\t\t<\/div>\n\t\t\t\t<\/div>\n\t\t\t\t<div class=\"elementor-element elementor-element-1c0ac96 elementor-hidden-desktop elementor-hidden-tablet elementor-widget elementor-widget-jet-animated-text\" data-id=\"1c0ac96\" data-element_type=\"widget\" data-e-type=\"widget\" data-widget_type=\"jet-animated-text.default\">\n\t\t\t\t<div class=\"elementor-widget-container\">\n\t\t\t\t\t<div class=\"elementor-jet-animated-text jet-elements\">\n<h1 class=\"jet-animated-text jet-animated-text--effect-fx3\" data-settings='{&quot;effect&quot;:&quot;fx3&quot;,&quot;delay&quot;:5000}'>\n\t<div class=\"jet-animated-text__before-text\">\n\t<span>Megtal\u00e1ljuk<\/span>&nbsp;<span>\u00d6nnek<br><\/span>&nbsp;<span>a<\/span>&nbsp;<span>t\u00f6k\u00e9letes<\/span>&nbsp;<span>aut\u00f3t!<\/span>&nbsp;<span><\/span>&nbsp;<\/div>\n\t<div class=\"jet-animated-text__animated-text\">\n<div class=\"jet-animated-text__animated-text-item active visible\" dir=\"ltr\">\n\t<span>&nbsp;<\/span><span>H<\/span><span>\u00ed<\/span><span>v<\/span><span>j<\/span><span>o<\/span><span>n<\/span><span>&nbsp;<\/span><span>m<\/span><span>i<\/span><span>n<\/span><span>k<\/span><span>e<\/span><span>t<\/span><span>!<\/span><span>&nbsp;<\/span>&nbsp;<\/div>\n<\/div>\t<div class=\"jet-animated-text__after-text\">\n\t<span>+36<\/span>&nbsp;<span>70<\/span>&nbsp;<span>886<\/span>&nbsp;<span>68<\/span>&nbsp;<span>77<\/span><\/div><\/h1><\/div>\t\t\t\t<\/div>\n\t\t\t\t<\/div>\n\t\t\t\t\t<\/div>\n\t\t<\/div>\n\t\t\t\t\t<\/div>\n\t\t<\/section>\n\t\t\t\t<section class=\"elementor-section elementor-top-section elementor-element elementor-element-a98e65b elementor-section-boxed elementor-section-height-default elementor-section-height-default\" data-id=\"a98e65b\" data-element_type=\"section\" data-e-type=\"section\" data-settings=\"{&quot;jet_parallax_layout_list&quot;:[{&quot;jet_parallax_layout_image&quot;:{&quot;url&quot;:&quot;&quot;,&quot;id&quot;:&quot;&quot;,&quot;size&quot;:&quot;&quot;},&quot;_id&quot;:&quot;962eb48&quot;,&quot;jet_parallax_layout_image_tablet&quot;:{&quot;url&quot;:&quot;&quot;,&quot;id&quot;:&quot;&quot;,&quot;size&quot;:&quot;&quot;},&quot;jet_parallax_layout_image_mobile&quot;:{&quot;url&quot;:&quot;&quot;,&quot;id&quot;:&quot;&quot;,&quot;size&quot;:&quot;&quot;},&quot;jet_parallax_layout_speed&quot;:{&quot;unit&quot;:&quot;%&quot;,&quot;size&quot;:&quot;50&quot;,&quot;sizes&quot;:[]},&quot;jet_parallax_layout_bg_x&quot;:&quot;50&quot;,&quot;jet_parallax_layout_bg_y&quot;:&quot;50&quot;,&quot;jet_parallax_layout_type&quot;:&quot;scroll&quot;,&quot;jet_parallax_layout_direction&quot;:&quot;1&quot;,&quot;jet_parallax_layout_fx_direction&quot;:null,&quot;jet_parallax_layout_z_index&quot;:&quot;&quot;,&quot;jet_parallax_layout_bg_x_tablet&quot;:&quot;&quot;,&quot;jet_parallax_layout_bg_x_mobile&quot;:&quot;&quot;,&quot;jet_parallax_layout_bg_y_tablet&quot;:&quot;&quot;,&quot;jet_parallax_layout_bg_y_mobile&quot;:&quot;&quot;,&quot;jet_parallax_layout_bg_size&quot;:&quot;auto&quot;,&quot;jet_parallax_layout_bg_size_tablet&quot;:&quot;&quot;,&quot;jet_parallax_layout_bg_size_mobile&quot;:&quot;&quot;,&quot;jet_parallax_layout_animation_prop&quot;:&quot;transform&quot;,&quot;jet_parallax_layout_on&quot;:[&quot;desktop&quot;,&quot;tablet&quot;]}]}\">\n\t\t\t\t\t\t<div class=\"elementor-container elementor-column-gap-no\">\n\t\t\t\t\t<div class=\"elementor-column elementor-col-50 elementor-top-column elementor-element elementor-element-4c9beae\" data-id=\"4c9beae\" data-element_type=\"column\" data-e-type=\"column\">\n\t\t\t<div class=\"elementor-widget-wrap elementor-element-populated\">\n\t\t\t\t\t\t<div class=\"elementor-element elementor-element-73ffe58 elementor-widget elementor-widget-heading\" data-id=\"73ffe58\" data-element_type=\"widget\" data-e-type=\"widget\" data-widget_type=\"heading.default\">\n\t\t\t\t<div class=\"elementor-widget-container\">\n\t\t\t\t\t<h3 class=\"elementor-heading-title elementor-size-default\">C\u00e9ginform\u00e1ci\u00f3k<\/h3>\t\t\t\t<\/div>\n\t\t\t\t<\/div>\n\t\t\t\t<div class=\"elementor-element elementor-element-7f0b1be elementor-widget elementor-widget-text-editor\" data-id=\"7f0b1be\" data-element_type=\"widget\" data-e-type=\"widget\" data-widget_type=\"text-editor.default\">\n\t\t\t\t<div class=\"elementor-widget-container\">\n\t\t\t\t\t\t\t\t\t<p>Sz\u00e9khely: H-7747 Birj\u00e1n, Kossuth Lajos utca 89. 8. ajt\u00f3<\/p><p>Iroda: 7761 Koz\u00e1rmisleny, Liliom utca 1\/1<\/p><p>Levelez\u00e9si c\u00edm: 7761 Koz\u00e1rmisleny, Postafi\u00f3k 13.<\/p><p>Ad\u00f3sz\u00e1m: 28762977-2-02<\/p><p>EU ad\u00f3sz\u00e1m: HU28762977<\/p><p>C\u00e9gjegyz\u00e9k sz\u00e1m: 02 09 085\u00a0308<\/p>\t\t\t\t\t\t\t\t<\/div>\n\t\t\t\t<\/div>\n\t\t\t\t\t<\/div>\n\t\t<\/div>\n\t\t\t\t<div class=\"elementor-column elementor-col-50 elementor-top-column elementor-element elementor-element-f88b3a4\" data-id=\"f88b3a4\" data-element_type=\"column\" data-e-type=\"column\">\n\t\t\t<div class=\"elementor-widget-wrap elementor-element-populated\">\n\t\t\t\t\t\t<div class=\"elementor-element elementor-element-47e737f elementor-widget elementor-widget-heading\" data-id=\"47e737f\" data-element_type=\"widget\" data-e-type=\"widget\" data-widget_type=\"heading.default\">\n\t\t\t\t<div class=\"elementor-widget-container\">\n\t\t\t\t\t<h3 class=\"elementor-heading-title elementor-size-default\">Nyitvatart\u00e1s<\/h3>\t\t\t\t<\/div>\n\t\t\t\t<\/div>\n\t\t\t\t<div class=\"elementor-element elementor-element-7319d61 elementor-widget elementor-widget-text-editor\" data-id=\"7319d61\" data-element_type=\"widget\" data-e-type=\"widget\" data-widget_type=\"text-editor.default\">\n\t\t\t\t<div class=\"elementor-widget-container\">\n\t\t\t\t\t\t\t\t\t<p>H\u00e9tf\u0151 (8.30- 16.30)<br \/>Kedd (8.30- 16.30)<br \/>Szerda (8.30- 16.30)<br \/>Cs\u00fct (8.30- 16.30)<\/p><p>P\u00e9ntek (8.30- 16.30)<br \/>Szombat (Z\u00e1rva!)<br \/>Vas\u00e1rnap (Z\u00e1rva!)<\/p>\t\t\t\t\t\t\t\t<\/div>\n\t\t\t\t<\/div>\n\t\t\t\t\t<\/div>\n\t\t<\/div>\n\t\t\t\t\t<\/div>\n\t\t<\/section>\n\t\t<div class=\"elementor-element elementor-element-5e621a7 e-flex e-con-boxed e-con e-parent\" data-id=\"5e621a7\" data-element_type=\"container\" data-e-type=\"container\" data-settings=\"{&quot;jet_parallax_layout_list&quot;:[]}\">\n\t\t\t\t\t<div class=\"e-con-inner\">\n\t\t\t\t<div class=\"elementor-element elementor-element-627c4c9 elementor-widget elementor-widget-heading\" data-id=\"627c4c9\" data-element_type=\"widget\" data-e-type=\"widget\" data-widget_type=\"heading.default\">\n\t\t\t\t<div class=\"elementor-widget-container\">\n\t\t\t\t\t<h4 class=\"elementor-heading-title elementor-size-default\">El\u00e9rhet\u0151s\u00e9gek<\/h4>\t\t\t\t<\/div>\n\t\t\t\t<\/div>\n\t\t\t\t\t<\/div>\n\t\t\t\t<\/div>\n\t\t<div class=\"elementor-element elementor-element-218e78e e-flex e-con-boxed e-con e-parent\" data-id=\"218e78e\" data-element_type=\"container\" data-e-type=\"container\" data-settings=\"{&quot;jet_parallax_layout_list&quot;:[]}\">\n\t\t\t\t\t<div class=\"e-con-inner\">\n\t\t<div class=\"elementor-element elementor-element-3a597a2 e-con-full e-flex e-con e-child\" data-id=\"3a597a2\" data-element_type=\"container\" data-e-type=\"container\" data-settings=\"{&quot;jet_parallax_layout_list&quot;:[]}\">\n\t\t\t\t<div class=\"elementor-element elementor-element-a3c8cc6 elementor-widget elementor-widget-text-editor\" data-id=\"a3c8cc6\" data-element_type=\"widget\" data-e-type=\"widget\" data-widget_type=\"text-editor.default\">\n\t\t\t\t<div class=\"elementor-widget-container\">\n\t\t\t\t\t\t\t\t\t<div class=\"elementor-element elementor-element-0096eaf elementor-widget elementor-widget-heading\" data-id=\"0096eaf\" data-element_type=\"widget\" data-widget_type=\"heading.default\">\n<div><strong>Iroda<\/strong><\/div>\n&nbsp;\n<div><\/div>\n<div class=\"elementor-widget-container\">Sz\u00e9khely: H-7747 Birj\u00e1n, Kossuth Lajos utca 89. 8. ajt\u00f3<\/div>\n<div class=\"elementor-widget-container\">Iroda: 7761 Koz\u00e1rmisleny, Liliom utca 1\/1<\/div>\n<div><a id=\"footer_link\" href=\"mailto:info@opcar.hu\">info@opcar.hu<\/a><\/div>\n<\/div>\t\t\t\t\t\t\t\t<\/div>\n\t\t\t\t<\/div>\n\t\t\t\t<\/div>\n\t\t<div class=\"elementor-element elementor-element-4a52224 e-con-full e-flex e-con e-child\" data-id=\"4a52224\" data-element_type=\"container\" data-e-type=\"container\" data-settings=\"{&quot;jet_parallax_layout_list&quot;:[]}\">\n\t\t\t\t<div class=\"elementor-element elementor-element-9218437 elementor-widget elementor-widget-text-editor\" data-id=\"9218437\" data-element_type=\"widget\" data-e-type=\"widget\" data-widget_type=\"text-editor.default\">\n\t\t\t\t<div class=\"elementor-widget-container\">\n\t\t\t\t\t\t\t\t\t<div class=\"elementor-element elementor-element-0096eaf elementor-widget elementor-widget-heading\" data-id=\"0096eaf\" data-element_type=\"widget\" data-widget_type=\"heading.default\">\n<div><strong>Osty\u00e1nszki P\u00e9ter<\/strong><\/div>\n&nbsp;\n<div><\/div>\n<div class=\"elementor-widget-container\">C\u00e9gvezet\u0151 \u2013 \u00c9rt\u00e9kes\u00edt\u00e9si vezet\u0151<\/div>\n<div class=\"elementor-widget-container\">+36 70 8866877<\/div>\n<div><a id=\"footer_link\" href=\"mailto:peter@opcar.hu\">peter@opcar.hu<\/a><\/div>\n<\/div>\t\t\t\t\t\t\t\t<\/div>\n\t\t\t\t<\/div>\n\t\t\t\t<\/div>\n\t\t<div class=\"elementor-element elementor-element-69cf7da e-con-full e-flex e-con e-child\" data-id=\"69cf7da\" data-element_type=\"container\" data-e-type=\"container\" data-settings=\"{&quot;jet_parallax_layout_list&quot;:[]}\">\n\t\t\t\t<div class=\"elementor-element elementor-element-fd9afca elementor-widget elementor-widget-text-editor\" data-id=\"fd9afca\" data-element_type=\"widget\" data-e-type=\"widget\" data-widget_type=\"text-editor.default\">\n\t\t\t\t<div class=\"elementor-widget-container\">\n\t\t\t\t\t\t\t\t\t<div class=\"elementor-element elementor-element-0096eaf elementor-widget elementor-widget-heading\" data-id=\"0096eaf\" data-element_type=\"widget\" data-widget_type=\"heading.default\">\n<div><strong>Kov\u00e1cs Kriszta<\/strong><\/div><\/br>\n<div><\/div>\n<div class=\"elementor-widget-container\">Irodavezet\u0151<\/div>\n<div class=\"elementor-widget-container\">+36 70 8862878<\/div>\n<div><a <a id=\"footer_link\" href=\"mailto:kriszta@opcar.hu\">kriszta@opcar.hu<\/span><\/strong><\/a><\/div>\n<\/div>\t\t\t\t\t\t\t\t<\/div>\n\t\t\t\t<\/div>\n\t\t\t\t<\/div>\n\t\t<div class=\"elementor-element elementor-element-0025fdc e-con-full e-flex e-con e-child\" data-id=\"0025fdc\" data-element_type=\"container\" data-e-type=\"container\" data-settings=\"{&quot;jet_parallax_layout_list&quot;:[]}\">\n\t\t\t\t<div class=\"elementor-element elementor-element-a65fd74 elementor-widget__width-initial elementor-widget elementor-widget-text-editor\" data-id=\"a65fd74\" data-element_type=\"widget\" data-e-type=\"widget\" data-widget_type=\"text-editor.default\">\n\t\t\t\t<div class=\"elementor-widget-container\">\n\t\t\t\t\t\t\t\t\t<div class=\"elementor-element elementor-element-0096eaf elementor-widget elementor-widget-heading\" data-id=\"0096eaf\" data-element_type=\"widget\" data-widget_type=\"heading.default\">\n<div><strong>R\u00e9dei Bea<\/strong><\/div><\/br>\n<div><\/div>\n<div class=\"elementor-widget-container\">P\u00e9nz\u00fcgy, k\u00f6nyvel\u00e9s<\/div>\n<div class=\"elementor-widget-container\">+36 20 5474878<\/div>\n<div><a id=\"footer_link\"<a href=\"mailto:bea@opcar.hu\">bea@opcar.hu<\/span><\/strong><\/a><\/div>\n<\/div>\t\t\t\t\t\t\t\t<\/div>\n\t\t\t\t<\/div>\n\t\t\t\t<\/div>\n\t\t\t\t\t<\/div>\n\t\t\t\t<\/div>\n\t\t\t\t<section class=\"elementor-section elementor-top-section elementor-element elementor-element-454dde6 elementor-section-full_width elementor-section-height-default elementor-section-height-default\" data-id=\"454dde6\" data-element_type=\"section\" data-e-type=\"section\" data-settings=\"{&quot;jet_parallax_layout_list&quot;:[{&quot;jet_parallax_layout_image&quot;:{&quot;url&quot;:&quot;&quot;,&quot;id&quot;:&quot;&quot;,&quot;size&quot;:&quot;&quot;},&quot;_id&quot;:&quot;83f88b8&quot;,&quot;jet_parallax_layout_image_tablet&quot;:{&quot;url&quot;:&quot;&quot;,&quot;id&quot;:&quot;&quot;,&quot;size&quot;:&quot;&quot;},&quot;jet_parallax_layout_image_mobile&quot;:{&quot;url&quot;:&quot;&quot;,&quot;id&quot;:&quot;&quot;,&quot;size&quot;:&quot;&quot;},&quot;jet_parallax_layout_speed&quot;:{&quot;unit&quot;:&quot;%&quot;,&quot;size&quot;:&quot;50&quot;,&quot;sizes&quot;:[]},&quot;jet_parallax_layout_bg_x&quot;:&quot;50&quot;,&quot;jet_parallax_layout_bg_y&quot;:&quot;50&quot;,&quot;jet_parallax_layout_type&quot;:&quot;scroll&quot;,&quot;jet_parallax_layout_direction&quot;:&quot;1&quot;,&quot;jet_parallax_layout_fx_direction&quot;:null,&quot;jet_parallax_layout_z_index&quot;:&quot;&quot;,&quot;jet_parallax_layout_bg_x_tablet&quot;:&quot;&quot;,&quot;jet_parallax_layout_bg_x_mobile&quot;:&quot;&quot;,&quot;jet_parallax_layout_bg_y_tablet&quot;:&quot;&quot;,&quot;jet_parallax_layout_bg_y_mobile&quot;:&quot;&quot;,&quot;jet_parallax_layout_bg_size&quot;:&quot;auto&quot;,&quot;jet_parallax_layout_bg_size_tablet&quot;:&quot;&quot;,&quot;jet_parallax_layout_bg_size_mobile&quot;:&quot;&quot;,&quot;jet_parallax_layout_animation_prop&quot;:&quot;transform&quot;,&quot;jet_parallax_layout_on&quot;:[&quot;desktop&quot;,&quot;tablet&quot;]}]}\">\n\t\t\t\t\t\t<div class=\"elementor-container elementor-column-gap-no\">\n\t\t\t\t\t<div class=\"elementor-column elementor-col-100 elementor-top-column elementor-element elementor-element-116987a\" data-id=\"116987a\" data-element_type=\"column\" data-e-type=\"column\">\n\t\t\t<div class=\"elementor-widget-wrap elementor-element-populated\">\n\t\t\t\t\t\t<div class=\"elementor-element elementor-element-cbbc088 elementor-widget elementor-widget-google_maps\" data-id=\"cbbc088\" data-element_type=\"widget\" data-e-type=\"widget\" data-widget_type=\"google_maps.default\">\n\t\t\t\t<div class=\"elementor-widget-container\">\n\t\t\t\t\t\t\t<div class=\"elementor-custom-embed\">\n\t\t\t<iframe loading=\"lazy\"\n\t\t\t\t\tsrc=\"https:\/\/maps.google.com\/maps?q=7761%20Koz%C3%A1rmisleny%2C%20Liliom%20utca%201%2F1&#038;t=m&#038;z=14&#038;output=embed&#038;iwloc=near\"\n\t\t\t\t\ttitle=\"7761 Koz\u00e1rmisleny, Liliom utca 1\/1\"\n\t\t\t\t\taria-label=\"7761 Koz\u00e1rmisleny, Liliom utca 1\/1\"\n\t\t\t><\/iframe>\n\t\t<\/div>\n\t\t\t\t\t\t<\/div>\n\t\t\t\t<\/div>\n\t\t\t\t\t<\/div>\n\t\t<\/div>\n\t\t\t\t\t<\/div>\n\t\t<\/section>\n\t\t\t\t<\/div>\n\t\t","protected":false},"excerpt":{"rendered":"<p>Megtal\u00e1ljuk&nbsp;\u00d6nnek&nbsp;a&nbsp;t\u00f6k\u00e9letes&nbsp;aut\u00f3t!&nbsp;&nbsp; &nbsp;H\u00edvjon&nbsp;minket!&nbsp;&nbsp; +36&nbsp;70&nbsp;886&nbsp;68&nbsp;77 Megtal\u00e1ljuk&nbsp;\u00d6nnek&nbsp;a&nbsp;t\u00f6k\u00e9letes&nbsp;aut\u00f3t!&nbsp;&nbsp; &nbsp;H\u00edvjon&nbsp;minket!&nbsp;&nbsp; +36&nbsp;70&nbsp;886&nbsp;68&nbsp;77 C\u00e9ginform\u00e1ci\u00f3k Sz\u00e9khely: H-7747 Birj\u00e1n, Kossuth Lajos utca 89. 8. ajt\u00f3 Iroda: 7761 Koz\u00e1rmisleny, Liliom utca 1\/1 Levelez\u00e9si c\u00edm: 7761 Koz\u00e1rmisleny, Postafi\u00f3k 13. Ad\u00f3sz\u00e1m: 28762977-2-02 EU ad\u00f3sz\u00e1m: HU28762977 C\u00e9gjegyz\u00e9k sz\u00e1m: 02 09 085\u00a0308 Nyitvatart\u00e1s H\u00e9tf\u0151 (8.30- 16.30)Kedd (8.30- 16.30)Szerda (8.30- 16.30)Cs\u00fct (8.30- 16.30) P\u00e9ntek (8.30- 16.30)Szombat (Z\u00e1rva!)Vas\u00e1rnap (Z\u00e1rva!) El\u00e9rhet\u0151s\u00e9gek Iroda [&hellip;]<\/p>\n","protected":false},"author":1,"featured_media":0,"parent":0,"menu_order":0,"comment_status":"closed","ping_status":"closed","template":"full-width.php","meta":{"_acf_changed":false,"iawp_total_views":256,"footnotes":""},"class_list":["post-85","page","type-page","status-publish","hentry"],"acf":[],"jetpack_sharing_enabled":true,"_links":{"self":[{"href":"https:\/\/opcar.hu\/en\/wp-json\/wp\/v2\/pages\/85","targetHints":{"allow":["GET"]}}],"collection":[{"href":"https:\/\/opcar.hu\/en\/wp-json\/wp\/v2\/pages"}],"about":[{"href":"https:\/\/opcar.hu\/en\/wp-json\/wp\/v2\/types\/page"}],"author":[{"embeddable":true,"href":"https:\/\/opcar.hu\/en\/wp-json\/wp\/v2\/users\/1"}],"replies":[{"embeddable":true,"href":"https:\/\/opcar.hu\/en\/wp-json\/wp\/v2\/comments?post=85"}],"version-history":[{"count":58,"href":"https:\/\/opcar.hu\/en\/wp-json\/wp\/v2\/pages\/85\/revisions"}],"predecessor-version":[{"id":1008,"href":"https:\/\/opcar.hu\/en\/wp-json\/wp\/v2\/pages\/85\/revisions\/1008"}],"wp:attachment":[{"href":"https:\/\/opcar.hu\/en\/wp-json\/wp\/v2\/media?parent=85"}],"curies":[{"name":"wp","href":"https:\/\/api.w.org\/{rel}","templated":true}]}}